{"id":443,"date":"2014-10-23T23:44:30","date_gmt":"2014-10-23T23:44:30","guid":{"rendered":"http:\/\/hotel-esencia.hspotdev.com\/?page_id=443"},"modified":"2014-11-19T23:33:06","modified_gmt":"2014-11-19T23:33:06","slug":"desole","status":"publish","type":"page","link":"https:\/\/hotelesencia.com\/es\/desole\/","title":{"rendered":"D\u00e9sol\u00e9"},"content":{"rendered":"<h2>D\u00e9sol\u00e9<\/h2>\n<p><i>Version Fran\u00e7aise Bient\u00f4t Disponible.<\/i><\/p>\n","protected":false},"excerpt":{"rendered":"<p>D\u00e9sol\u00e9 Version Fran\u00e7aise Bient\u00f4t Disponible.<\/p>\n","protected":false},"author":1,"featured_media":0,"parent":0,"menu_order":0,"comment_status":"closed","ping_status":"closed","template":"","meta":{"_acf_changed":false,"_exactmetrics_skip_tracking":false,"_exactmetrics_sitenote_active":false,"_exactmetrics_sitenote_note":"","_exactmetrics_sitenote_category":0,"footnotes":""},"class_list":["post-443","page","type-page","status-publish","hentry"],"acf":[],"_links":{"self":[{"href":"https:\/\/hotelesencia.com\/es\/wp-json\/wp\/v2\/pages\/443","targetHints":{"allow":["GET"]}}],"collection":[{"href":"https:\/\/hotelesencia.com\/es\/wp-json\/wp\/v2\/pages"}],"about":[{"href":"https:\/\/hotelesencia.com\/es\/wp-json\/wp\/v2\/types\/page"}],"author":[{"embeddable":true,"href":"https:\/\/hotelesencia.com\/es\/wp-json\/wp\/v2\/users\/1"}],"replies":[{"embeddable":true,"href":"https:\/\/hotelesencia.com\/es\/wp-json\/wp\/v2\/comments?post=443"}],"version-history":[{"count":1,"href":"https:\/\/hotelesencia.com\/es\/wp-json\/wp\/v2\/pages\/443\/revisions"}],"predecessor-version":[{"id":7850,"href":"https:\/\/hotelesencia.com\/es\/wp-json\/wp\/v2\/pages\/443\/revisions\/7850"}],"wp:attachment":[{"href":"https:\/\/hotelesencia.com\/es\/wp-json\/wp\/v2\/media?parent=443"}],"curies":[{"name":"wp","href":"https:\/\/api.w.org\/{rel}","templated":true}]}}