{"id":511,"date":"2014-10-25T02:55:17","date_gmt":"2014-10-25T02:55:17","guid":{"rendered":"http:\/\/hotel-esencia.hspotdev.com\/?page_id=511"},"modified":"2026-02-02T23:12:24","modified_gmt":"2026-02-02T23:12:24","slug":"galeria-amenidades","status":"publish","type":"page","link":"https:\/\/hotelesencia.com\/es\/galeria-amenidades\/","title":{"rendered":"Galer\u00eda &#038; Amenidades"},"content":{"rendered":"<h1 style=\"text-align: center;\">Amenidades<\/h1>\n<ul>\n<li>Spa Org\u00e1nico<\/li>\n<li>Playa Privada<\/li>\n<li>Piscinas Climatizadas<\/li>\n<li>Piscina de Ni\u00f1os<\/li>\n<li>Gimnasio Equipado por Technogym<\/li>\n<li>Cancha de tennis y pickelball<\/li>\n<li>Clases de Yoga Matutina Inclu\u00eddas<\/li>\n<li>3 Restaurantes<\/li>\n<li>Bar de Playa<\/li>\n<li>Bar de Jugos<\/li>\n<li>Coffee Bar<\/li>\n<li>Servicio de T\u00e9 en Cortes\u00eda<\/li>\n<li>Canasta de Pan y Caf\u00e9 al Despertar en Cortes\u00eda<\/li>\n<li>Canasta de Fruta Diaria en Cortes\u00eda<\/li>\n<li>Caf\u00e9 Nespresso en la Habitaci\u00f3n en Cortes\u00eda<\/li>\n<li>Bolsa de Playa en Cortes\u00eda<\/li>\n<li>Uso de Equipo de Deportes Acu\u00e1ticos sin Cargo<\/li>\n<li>Ropa de Cama Europea de Primera Calidad<\/li>\n<li>Sandalis Insignia en Cortes\u00eda<\/li>\n<li>Caja de Seguridad en la Habitaci\u00f3n<\/li>\n<li>Caja de Seguridad en Concierge<\/li>\n<li>WiFi de 220MB gratuito<\/li>\n<li>TVs HD, Lectores DVD y Filmoteca<\/li>\n<li>Sistema de Sonido en la Habitaci\u00f3n<\/li>\n<li>Concierge 24 horas<\/li>\n<li>Servicio de Ama de Llaves 2 Veces al D\u00eda<\/li>\n<li>Lavander\u00eda Express<\/li>\n<li>Servicio de Autos con Chofer<\/li>\n<li>Servicio de Secretaria y Traducci\u00f3n<\/li>\n<li>Staff Multiling\u00fce<\/li>\n<li>Catering para Cualquier Ocasi\u00f3n<\/li>\n<li>Servicios de Empaque y Desempaque de Equipaje<\/li>\n<li>Entrenadores Personales y Terapeutas<\/li>\n<li>Servicio de Ni\u00f1era Disponible<\/li>\n<li>Biblioteca \/ Sala de Conferencias<\/li>\n<\/ul>\n","protected":false},"excerpt":{"rendered":"<p>Amenidades Spa Org\u00e1nico Playa Privada Piscinas Climatizadas Piscina de Ni\u00f1os Gimnasio Equipado por Technogym Cancha de tennis y pickelball Clases de Yoga Matutina Inclu\u00eddas 3 Restaurantes Bar de Playa Bar de Jugos Coffee Bar Servicio de T\u00e9 en Cortes\u00eda Canasta de Pan y Caf\u00e9 al Despertar en Cortes\u00eda Canasta de Fruta Diaria en Cortes\u00eda Caf\u00e9 [&hellip;]<\/p>\n","protected":false},"author":1,"featured_media":0,"parent":0,"menu_order":0,"comment_status":"closed","ping_status":"closed","template":"","meta":{"_acf_changed":false,"_exactmetrics_skip_tracking":false,"_exactmetrics_sitenote_active":false,"_exactmetrics_sitenote_note":"","_exactmetrics_sitenote_category":0,"footnotes":""},"class_list":["post-511","page","type-page","status-publish","hentry"],"acf":[],"_links":{"self":[{"href":"https:\/\/hotelesencia.com\/es\/wp-json\/wp\/v2\/pages\/511","targetHints":{"allow":["GET"]}}],"collection":[{"href":"https:\/\/hotelesencia.com\/es\/wp-json\/wp\/v2\/pages"}],"about":[{"href":"https:\/\/hotelesencia.com\/es\/wp-json\/wp\/v2\/types\/page"}],"author":[{"embeddable":true,"href":"https:\/\/hotelesencia.com\/es\/wp-json\/wp\/v2\/users\/1"}],"replies":[{"embeddable":true,"href":"https:\/\/hotelesencia.com\/es\/wp-json\/wp\/v2\/comments?post=511"}],"version-history":[{"count":10,"href":"https:\/\/hotelesencia.com\/es\/wp-json\/wp\/v2\/pages\/511\/revisions"}],"predecessor-version":[{"id":7639,"href":"https:\/\/hotelesencia.com\/es\/wp-json\/wp\/v2\/pages\/511\/revisions\/7639"}],"wp:attachment":[{"href":"https:\/\/hotelesencia.com\/es\/wp-json\/wp\/v2\/media?parent=511"}],"curies":[{"name":"wp","href":"https:\/\/api.w.org\/{rel}","templated":true}]}}