{"id":5329,"date":"2023-03-16T19:05:08","date_gmt":"2023-03-16T19:05:08","guid":{"rendered":"https:\/\/hotelesencia.com\/?page_id=5329"},"modified":"2025-02-20T22:20:54","modified_gmt":"2025-02-20T22:20:54","slug":"experiencias","status":"publish","type":"page","link":"https:\/\/hotelesencia.com\/es\/experiencias\/","title":{"rendered":"Experiencias"},"content":{"rendered":"<p>La vida en Hotel Esencia se compone de innumerables experiencias \u00fanicas. Esperamos que las viva todos los d\u00edas, ya sea un momento fugaz o una vivencia multifac\u00e9tica. Para aquellos que buscan agregar algo extra a su relajado d\u00eda a d\u00eda, hemos destacado varias opciones que nos encantan&#8230; y esperamos que a usted tambi\u00e9n.<\/p>\n","protected":false},"excerpt":{"rendered":"<p>La vida en Hotel Esencia se compone de innumerables experiencias \u00fanicas. Esperamos que las viva todos los d\u00edas, ya sea un momento fugaz o una vivencia multifac\u00e9tica. Para aquellos que buscan agregar algo extra a su relajado d\u00eda a d\u00eda, hemos destacado varias opciones que nos encantan&#8230; y esperamos que a usted tambi\u00e9n.<\/p>\n","protected":false},"author":1,"featured_media":0,"parent":0,"menu_order":0,"comment_status":"closed","ping_status":"closed","template":"","meta":{"_acf_changed":false,"_exactmetrics_skip_tracking":false,"_exactmetrics_sitenote_active":false,"_exactmetrics_sitenote_note":"","_exactmetrics_sitenote_category":0,"footnotes":""},"class_list":["post-5329","page","type-page","status-publish","hentry"],"acf":[],"_links":{"self":[{"href":"https:\/\/hotelesencia.com\/es\/wp-json\/wp\/v2\/pages\/5329","targetHints":{"allow":["GET"]}}],"collection":[{"href":"https:\/\/hotelesencia.com\/es\/wp-json\/wp\/v2\/pages"}],"about":[{"href":"https:\/\/hotelesencia.com\/es\/wp-json\/wp\/v2\/types\/page"}],"author":[{"embeddable":true,"href":"https:\/\/hotelesencia.com\/es\/wp-json\/wp\/v2\/users\/1"}],"replies":[{"embeddable":true,"href":"https:\/\/hotelesencia.com\/es\/wp-json\/wp\/v2\/comments?post=5329"}],"version-history":[{"count":29,"href":"https:\/\/hotelesencia.com\/es\/wp-json\/wp\/v2\/pages\/5329\/revisions"}],"predecessor-version":[{"id":6618,"href":"https:\/\/hotelesencia.com\/es\/wp-json\/wp\/v2\/pages\/5329\/revisions\/6618"}],"wp:attachment":[{"href":"https:\/\/hotelesencia.com\/es\/wp-json\/wp\/v2\/media?parent=5329"}],"curies":[{"name":"wp","href":"https:\/\/api.w.org\/{rel}","templated":true}]}}