{"id":543,"date":"2014-10-26T01:37:39","date_gmt":"2014-10-26T01:37:39","guid":{"rendered":"http:\/\/hotel-esencia.hspotdev.com\/?page_id=543"},"modified":"2025-07-06T15:32:40","modified_gmt":"2025-07-06T15:32:40","slug":"medios","status":"publish","type":"page","link":"https:\/\/hotelesencia.com\/es\/medios\/","title":{"rendered":"El hotel"},"content":{"rendered":"<p>Hotel Esencia es una majestuosa propiedad de 20 hect\u00e1reas ubicada en el punto medio entre Tulum y Playa del Carmen, M\u00e9xico. Con un pasado lleno de historias en esta cuna ancestral de cultura, gastronom\u00eda y confort. Inicialmente construido como el refugio privado de una duquesa italiana en la playa m\u00e1s hermosa de la Riviera Maya, fue posteriormente convertido en un hotel, y desde hace alg\u00fan tiempo ha sido un destino codiciado de luna de miel para hu\u00e9spedes seducidos por las comodidades exquisitas de esta mansi\u00f3n.<\/p>\n<p>Un nuevo cap\u00edtulo se abri\u00f3 en 2014 con la llegada de un nuevo propietario y con \u00e9l una actitud audaz y sofisticada de disfrutar el para\u00edso. El origen de la propiedad como un lugar de ocio para la nobleza es la inspiraci\u00f3n de referencia para una reinvenci\u00f3n moderna. La casa principal contin\u00faa siendo la pieza central del hotel alrededor de senderos que llevan a s\u00f3lo 47 suites y 4 villas donde los hu\u00e9spedes disfrutan de completa privacidad y hospitalidad de primera. La excepcionalmente preservada playa de Xpu-Ha es frecuente espectadora del nacimiento de tortugas marinas, idealmente aislada de los enormes resorts y el rugido de los botes de turismo. Hotel Esencia invita a los pocos afortunados que saben lo raro que es encontrar un lugar verdaderamente \u00fanico, a que lo adopten como su hogar en el tr\u00f3pico.<\/p>\n<p><a class=\"video-tour-link\" href=\"\/es\/video-tours\/#dive-into-esencia\">VISITE LA PROPIEDAD<\/a><\/p>\n","protected":false},"excerpt":{"rendered":"<p>Hotel Esencia es una majestuosa propiedad de 20 hect\u00e1reas ubicada en el punto medio entre Tulum y Playa del Carmen, M\u00e9xico. Con un pasado lleno de historias en esta cuna ancestral de cultura, gastronom\u00eda y confort. Inicialmente construido como el refugio privado de una duquesa italiana en la playa m\u00e1s hermosa de la Riviera Maya, [&hellip;]<\/p>\n","protected":false},"author":1,"featured_media":0,"parent":0,"menu_order":1,"comment_status":"closed","ping_status":"closed","template":"","meta":{"_acf_changed":false,"_exactmetrics_skip_tracking":false,"_exactmetrics_sitenote_active":false,"_exactmetrics_sitenote_note":"","_exactmetrics_sitenote_category":0,"footnotes":""},"class_list":["post-543","page","type-page","status-publish","hentry"],"acf":[],"_links":{"self":[{"href":"https:\/\/hotelesencia.com\/es\/wp-json\/wp\/v2\/pages\/543","targetHints":{"allow":["GET"]}}],"collection":[{"href":"https:\/\/hotelesencia.com\/es\/wp-json\/wp\/v2\/pages"}],"about":[{"href":"https:\/\/hotelesencia.com\/es\/wp-json\/wp\/v2\/types\/page"}],"author":[{"embeddable":true,"href":"https:\/\/hotelesencia.com\/es\/wp-json\/wp\/v2\/users\/1"}],"replies":[{"embeddable":true,"href":"https:\/\/hotelesencia.com\/es\/wp-json\/wp\/v2\/comments?post=543"}],"version-history":[{"count":11,"href":"https:\/\/hotelesencia.com\/es\/wp-json\/wp\/v2\/pages\/543\/revisions"}],"predecessor-version":[{"id":6783,"href":"https:\/\/hotelesencia.com\/es\/wp-json\/wp\/v2\/pages\/543\/revisions\/6783"}],"wp:attachment":[{"href":"https:\/\/hotelesencia.com\/es\/wp-json\/wp\/v2\/media?parent=543"}],"curies":[{"name":"wp","href":"https:\/\/api.w.org\/{rel}","templated":true}]}}