{"id":547,"date":"2014-10-26T01:51:48","date_gmt":"2014-10-26T01:51:48","guid":{"rendered":"http:\/\/hotel-esencia.hspotdev.com\/?page_id=547"},"modified":"2026-01-01T19:11:53","modified_gmt":"2026-01-01T19:11:53","slug":"contacto","status":"publish","type":"page","link":"https:\/\/hotelesencia.com\/es\/contacto\/","title":{"rendered":"Contacto"},"content":{"rendered":"<p style=\"text-align: center;\">HOTEL ESENCIA<\/p>\n<p style=\"text-align: center;\">Carretera Canc\u00fan\u2009\u2013\u2009Tulum km 265<br \/>\nPlaya del Carmen, Quintana Roo 77750 Mexico<\/p>\n<p>&nbsp;<\/p>\n<p>Hotel Esencia se encuentra a 50 minutos al sur de Canc\u00fan y 30 minutos al norte de Tulum en coche. Para viajar en total comodidad desde y hacia el Aeropuerto Internacional de Canc\u00fan, disfrute de nuestros traslados en autos privados de lujo bajo solicitud. Aplican cargos.<\/p>\n<p>Si desea un traslado con vista panor\u00e1mica y de s\u00f3lo 25 minutos de duraci\u00f3n, descubra nuestro exclusivo servicio privado de helic\u00f3ptero, a bordo un nuevo Bell 505 Jet Ranger para hasta cuatro pasajeros, aterrizando y despegando desde Hotel Esencia.<\/p>\n<p>Si prefiere conducir, tome la autopista 307 al sur de Canc\u00fan. Pasando Playa del Carmen, cinco kil\u00f3metros antes de llegar al hotel, encontrar\u00e1 letreros que indican el Hotel Esencia. Tome el retorno despu\u00e9s de la estaci\u00f3n gasolinera en el kil\u00f3metro 265. Contin\u00fae por un kil\u00f3metro m\u00e1s y gire a la derecha en la entrada del hotel.<\/p>\n<p>Hotel Esencia est\u00e1 perfectamente aislado del mundo que lo rodea. A su llegada, nuestros conductores esperan a nuestros hu\u00e9spedes para transportarlos a trav\u00e9s de la selva, a sus suites en los jardines y la playa.<\/p>\n<p>&nbsp;<\/p>\n","protected":false},"excerpt":{"rendered":"<p>HOTEL ESENCIA Carretera Canc\u00fan\u2009\u2013\u2009Tulum km 265 Playa del Carmen, Quintana Roo 77750 Mexico &nbsp; Hotel Esencia se encuentra a 50 minutos al sur de Canc\u00fan y 30 minutos al norte de Tulum en coche. Para viajar en total comodidad desde y hacia el Aeropuerto Internacional de Canc\u00fan, disfrute de nuestros traslados en autos privados de [&hellip;]<\/p>\n","protected":false},"author":1,"featured_media":0,"parent":0,"menu_order":8,"comment_status":"closed","ping_status":"closed","template":"page-contact.php","meta":{"_acf_changed":false,"_exactmetrics_skip_tracking":false,"_exactmetrics_sitenote_active":false,"_exactmetrics_sitenote_note":"","_exactmetrics_sitenote_category":0,"footnotes":""},"class_list":["post-547","page","type-page","status-publish","hentry"],"acf":[],"_links":{"self":[{"href":"https:\/\/hotelesencia.com\/es\/wp-json\/wp\/v2\/pages\/547","targetHints":{"allow":["GET"]}}],"collection":[{"href":"https:\/\/hotelesencia.com\/es\/wp-json\/wp\/v2\/pages"}],"about":[{"href":"https:\/\/hotelesencia.com\/es\/wp-json\/wp\/v2\/types\/page"}],"author":[{"embeddable":true,"href":"https:\/\/hotelesencia.com\/es\/wp-json\/wp\/v2\/users\/1"}],"replies":[{"embeddable":true,"href":"https:\/\/hotelesencia.com\/es\/wp-json\/wp\/v2\/comments?post=547"}],"version-history":[{"count":9,"href":"https:\/\/hotelesencia.com\/es\/wp-json\/wp\/v2\/pages\/547\/revisions"}],"predecessor-version":[{"id":7400,"href":"https:\/\/hotelesencia.com\/es\/wp-json\/wp\/v2\/pages\/547\/revisions\/7400"}],"wp:attachment":[{"href":"https:\/\/hotelesencia.com\/es\/wp-json\/wp\/v2\/media?parent=547"}],"curies":[{"name":"wp","href":"https:\/\/api.w.org\/{rel}","templated":true}]}}