{"id":553,"date":"2014-10-26T02:09:25","date_gmt":"2014-10-26T02:09:25","guid":{"rendered":"http:\/\/hotel-esencia.hspotdev.com\/?page_id=553"},"modified":"2022-11-25T15:14:34","modified_gmt":"2022-11-25T15:14:34","slug":"actividades","status":"publish","type":"page","link":"https:\/\/hotelesencia.com\/es\/actividades\/","title":{"rendered":"Actividades"},"content":{"rendered":"<p>Ubicado exactamente entre Tulum y Playa del Carmen, las pir\u00e1mides mayas, cenotes subterr\u00e1neos, y algunas de las mejores discotecas de la Riviera, se encuentrana s\u00f3lo 20 minutos de distancia. Uno de los secretos mejor guardados de la regi\u00f3n es un arrecife de coral donde nadan las tortugas marinas y peces de colores ex\u00f3ticos, ideal para comenzar la aventura a unos pasos de la playa.<\/p>\n","protected":false},"excerpt":{"rendered":"<p>Ubicado exactamente entre Tulum y Playa del Carmen, las pir\u00e1mides mayas, cenotes subterr\u00e1neos, y algunas de las mejores discotecas de la Riviera, se encuentrana s\u00f3lo 20 minutos de distancia. Uno de los secretos mejor guardados de la regi\u00f3n es un arrecife de coral donde nadan las tortugas marinas y peces de colores ex\u00f3ticos, ideal para [&hellip;]<\/p>\n","protected":false},"author":1,"featured_media":0,"parent":0,"menu_order":0,"comment_status":"closed","ping_status":"closed","template":"","meta":{"_acf_changed":false,"_exactmetrics_skip_tracking":false,"_exactmetrics_sitenote_active":false,"_exactmetrics_sitenote_note":"","_exactmetrics_sitenote_category":0,"footnotes":""},"class_list":["post-553","page","type-page","status-publish","hentry"],"acf":[],"_links":{"self":[{"href":"https:\/\/hotelesencia.com\/es\/wp-json\/wp\/v2\/pages\/553","targetHints":{"allow":["GET"]}}],"collection":[{"href":"https:\/\/hotelesencia.com\/es\/wp-json\/wp\/v2\/pages"}],"about":[{"href":"https:\/\/hotelesencia.com\/es\/wp-json\/wp\/v2\/types\/page"}],"author":[{"embeddable":true,"href":"https:\/\/hotelesencia.com\/es\/wp-json\/wp\/v2\/users\/1"}],"replies":[{"embeddable":true,"href":"https:\/\/hotelesencia.com\/es\/wp-json\/wp\/v2\/comments?post=553"}],"version-history":[{"count":0,"href":"https:\/\/hotelesencia.com\/es\/wp-json\/wp\/v2\/pages\/553\/revisions"}],"wp:attachment":[{"href":"https:\/\/hotelesencia.com\/es\/wp-json\/wp\/v2\/media?parent=553"}],"curies":[{"name":"wp","href":"https:\/\/api.w.org\/{rel}","templated":true}]}}