{"id":561,"date":"2014-10-26T02:26:05","date_gmt":"2014-10-26T02:26:05","guid":{"rendered":"http:\/\/hotel-esencia.hspotdev.com\/?page_id=561"},"modified":"2026-04-07T19:30:13","modified_gmt":"2026-04-07T19:30:13","slug":"spa-centro-de-bienestar","status":"publish","type":"page","link":"https:\/\/hotelesencia.com\/es\/spa-centro-de-bienestar\/","title":{"rendered":"Spa &#038; Gimnasio"},"content":{"rendered":"<p>Ubicado en el extremo este de los jardines y resguardado bajo techos de palapa tradicional, Esencia Spa hace eco de los principios de geometr\u00eda sagrada Maya y sus patrones circulares. Nuestra filosof\u00eda incluye sellos distintivos del bienestar moderno, y los integra con pr\u00e1cticas ancestrales para cultivar la belleza, el equilibrio y la paz.<\/p>\n<p>&#8216;El Mejor Spa de M\u00e9xico&#8217; &#8211; Forbes Travel Guide<\/p>\n","protected":false},"excerpt":{"rendered":"<p>Ubicado en el extremo este de los jardines y resguardado bajo techos de palapa tradicional, Esencia Spa hace eco de los principios de geometr\u00eda sagrada Maya y sus patrones circulares. Nuestra filosof\u00eda incluye sellos distintivos del bienestar moderno, y los integra con pr\u00e1cticas ancestrales para cultivar la belleza, el equilibrio y la paz. &#8216;El Mejor [&hellip;]<\/p>\n","protected":false},"author":1,"featured_media":0,"parent":0,"menu_order":0,"comment_status":"closed","ping_status":"closed","template":"","meta":{"_acf_changed":false,"_exactmetrics_skip_tracking":false,"_exactmetrics_sitenote_active":false,"_exactmetrics_sitenote_note":"","_exactmetrics_sitenote_category":0,"footnotes":""},"class_list":["post-561","page","type-page","status-publish","hentry"],"acf":[],"_links":{"self":[{"href":"https:\/\/hotelesencia.com\/es\/wp-json\/wp\/v2\/pages\/561","targetHints":{"allow":["GET"]}}],"collection":[{"href":"https:\/\/hotelesencia.com\/es\/wp-json\/wp\/v2\/pages"}],"about":[{"href":"https:\/\/hotelesencia.com\/es\/wp-json\/wp\/v2\/types\/page"}],"author":[{"embeddable":true,"href":"https:\/\/hotelesencia.com\/es\/wp-json\/wp\/v2\/users\/1"}],"replies":[{"embeddable":true,"href":"https:\/\/hotelesencia.com\/es\/wp-json\/wp\/v2\/comments?post=561"}],"version-history":[{"count":15,"href":"https:\/\/hotelesencia.com\/es\/wp-json\/wp\/v2\/pages\/561\/revisions"}],"predecessor-version":[{"id":7881,"href":"https:\/\/hotelesencia.com\/es\/wp-json\/wp\/v2\/pages\/561\/revisions\/7881"}],"wp:attachment":[{"href":"https:\/\/hotelesencia.com\/es\/wp-json\/wp\/v2\/media?parent=561"}],"curies":[{"name":"wp","href":"https:\/\/api.w.org\/{rel}","templated":true}]}}