{"id":5942,"date":"2024-05-04T16:59:04","date_gmt":"2024-05-04T16:59:04","guid":{"rendered":"https:\/\/hotelesencia.com\/?page_id=5942"},"modified":"2024-05-05T14:25:27","modified_gmt":"2024-05-05T14:25:27","slug":"chateau-de-curzay-2","status":"publish","type":"page","link":"https:\/\/hotelesencia.com\/es\/chateau-de-curzay-2\/","title":{"rendered":"CH\u00c2TEAU DE CURZAY"},"content":{"rendered":"<p><span class=\"s1\">La nueva propiedad de Hotel Esencia est\u00e1 en el coraz\u00f3n de la regi\u00f3n francesa de Poitou: el Castillo de Curzay, una gloriosa joya arquitect\u00f3nica del siglo XVIII conocida alguna vez como el &#8216;Peque\u00f1o Versalles&#8217;. Este encantador castillo est\u00e1 ubicado en una finca de 350 acres, en Curzay sur Vonne, rodeado por un bosque espeso y profundo y el r\u00edo Vonne que lo atraviesa.<\/span><\/p>\n","protected":false},"excerpt":{"rendered":"<p>La nueva propiedad de Hotel Esencia est\u00e1 en el coraz\u00f3n de la regi\u00f3n francesa de Poitou: el Castillo de Curzay, una gloriosa joya arquitect\u00f3nica del siglo XVIII conocida alguna vez como el &#8216;Peque\u00f1o Versalles&#8217;. Este encantador castillo est\u00e1 ubicado en una finca de 350 acres, en Curzay sur Vonne, rodeado por un bosque espeso y [&hellip;]<\/p>\n","protected":false},"author":1,"featured_media":0,"parent":0,"menu_order":2,"comment_status":"closed","ping_status":"closed","template":"","meta":{"_acf_changed":false,"_exactmetrics_skip_tracking":false,"_exactmetrics_sitenote_active":false,"_exactmetrics_sitenote_note":"","_exactmetrics_sitenote_category":0,"footnotes":""},"class_list":["post-5942","page","type-page","status-publish","hentry"],"acf":[],"_links":{"self":[{"href":"https:\/\/hotelesencia.com\/es\/wp-json\/wp\/v2\/pages\/5942","targetHints":{"allow":["GET"]}}],"collection":[{"href":"https:\/\/hotelesencia.com\/es\/wp-json\/wp\/v2\/pages"}],"about":[{"href":"https:\/\/hotelesencia.com\/es\/wp-json\/wp\/v2\/types\/page"}],"author":[{"embeddable":true,"href":"https:\/\/hotelesencia.com\/es\/wp-json\/wp\/v2\/users\/1"}],"replies":[{"embeddable":true,"href":"https:\/\/hotelesencia.com\/es\/wp-json\/wp\/v2\/comments?post=5942"}],"version-history":[{"count":8,"href":"https:\/\/hotelesencia.com\/es\/wp-json\/wp\/v2\/pages\/5942\/revisions"}],"predecessor-version":[{"id":6214,"href":"https:\/\/hotelesencia.com\/es\/wp-json\/wp\/v2\/pages\/5942\/revisions\/6214"}],"wp:attachment":[{"href":"https:\/\/hotelesencia.com\/es\/wp-json\/wp\/v2\/media?parent=5942"}],"curies":[{"name":"wp","href":"https:\/\/api.w.org\/{rel}","templated":true}]}}