{"id":956,"date":"2014-11-04T18:41:56","date_gmt":"2014-11-04T18:41:56","guid":{"rendered":"https:\/\/hotelesencia.com.s198705.gridserver.com\/?page_id=956"},"modified":"2014-11-21T23:48:33","modified_gmt":"2014-11-21T23:48:33","slug":"politica-de-privacidad","status":"publish","type":"page","link":"https:\/\/hotelesencia.com\/es\/politica-de-privacidad\/","title":{"rendered":"Pol\u00edtica de Privacidad"},"content":{"rendered":"<p>Todas las caracter\u00edsticas, dimensiones, planos, interpretaciones, y especificaciones son conceptuales y est\u00e1n sujetos a cambios sin previo aviso, y el hotel se reserva expresamente el derecho a modificar, revisar o retirar cualquiera o todos de estos a su entera discreci\u00f3n.<\/p>\n<h3>Para el Hotel Esencia, su privacidad y la confidencialidad de su informaci\u00f3n personal es importante.<\/h3>\n<h3>Permiso de Uso<\/h3>\n<p>Podemos recopilar y utilizar informaci\u00f3n personal que usted proporcione a nuestros sitios de Internet de cualquier manera que sea consistente con lo declarado en esta pol\u00edtica de privacidad o divulgado en otra parte del sitio de Internet en el momento que usted env\u00ede informaci\u00f3n personal. En el momento de enviar informaci\u00f3n personal o realizar una solicitud, el uso previsto de la informaci\u00f3n que env\u00ede ser\u00e1 evidente en el contexto en el que lo env\u00eda y\/o porque el sitio Internet establece el prop\u00f3sito previsto. Al enviar informaci\u00f3n personal en nuestros sitios de Internet, usted est\u00e1 dando su consentimiento y permiso para cualquier uso que sea coherente con lo declarado en esta pol\u00edtica de privacidad o divulgado en otra parte del sitio de Internet en el momento que usted env\u00ede informaci\u00f3n personal, y que tal consentimiento se le presume de nuestro sitio de Internet, a menos que usted indique lo contrario en el momento de presentar la informaci\u00f3n personal. Por favor, no solicitar ninguna comunicaci\u00f3n en nombre de una persona o empresa si no est\u00e1 autorizado para hacer la solicitud.<\/p>\n<h3>Privacidad de los ni\u00f1os y consentimiento de los padres<\/h3>\n<p>Tenga en cuenta que el sitio de Internet no ha sido dise\u00f1ado para, y no tiene la intenci\u00f3n de ser usada por cualquier persona menor de 18 a\u00f1os. En consecuencia, este sitio de Internet no debe ser utilizado por cualquier persona menor de 18 a\u00f1os de edad. Nuestra pol\u00edtica de privacidad nos proh\u00edbe aceptar usuarios menores de 18 a\u00f1os. Espec\u00edficamente solicitamos que las personas menores de 18 a\u00f1os no usen este sitio de Internet o env\u00eden o publiquen informaci\u00f3n en el sitio de Internet. En caso de que inadvertidamente adquiera informaci\u00f3n personal u otros datos de usuarios menores de 18 a\u00f1os, no proporcionaremos datos a terceros para cualquier prop\u00f3sito, y cualquier divulgaci\u00f3n posterior se debe al hecho de que el usuario menor de 18 a\u00f1os uso nuestro sitio de Internet y envi\u00f3 informaci\u00f3n personal sin nuestro permiso.<\/p>\n<h3>Enlaces para otros sitios de Internet<\/h3>\n<p>Podemos ofrecer enlaces a una variedad de otros sitios de Internet que creemos pueden ofrecer informaci\u00f3n y servicios \u00fatiles. Sin embargo, estos sitios de web puede que no sigan las mismas pol\u00edticas de privacidad del nuestro sitio de Internet. Por lo tanto, no nos hacemos responsables de las pol\u00edticas de privacidad o las acciones de terceros, incluyendo sin limitaci\u00f3n, cualquier sitio de Internet cuyos sitios de Internet pueden ser alcanzados a trav\u00e9s de este sitio de Internet, ni podemos controlar las actividades de estos sitios de Internet. Instamos a que se comunique con las partes de controlan estos sitios de Internet o acceder a sus pol\u00edticas en l\u00ednea para la informaci\u00f3n relevante acerca de sus pr\u00e1cticas de recopilaci\u00f3n de datos antes de enviar cualquier informaci\u00f3n personal u otros datos sensibles.<\/p>\n<h3>Su consentimiento a esta pol\u00edtica de privacidad<\/h3>\n<p>El uso de nuestro sitio de Internet implica su consentimiento, as\u00ed como el consentimiento de la empresa para la que usted utiliza nuestro sitio de Internet y cuya informaci\u00f3n que env\u00ede (si alguna), a esta pol\u00edtica de privacidad en l\u00ednea, incluyendo la recolecci\u00f3n y uso de informaci\u00f3n por nuestro sitio de Internet, tal como se describe en esta declaraci\u00f3n, y tambi\u00e9n significa aceptaci\u00f3n de los t\u00e9rminos de uso del sitio de Internet. Acceso y uso continuo de nuestro sitio de Internet sin la aceptaci\u00f3n de los t\u00e9rminos de esta pol\u00edtica de privacidad nos releva de responsabilidad con el usuario.<\/p>\n<h3>Modificaciones de la pol\u00edtica y contacto del sitio de Internet<\/h3>\n<p>Nos reservamos el derecho a modificar esta pol\u00edtica de privacidad en cualquier momento, aviso de los cambios ser\u00e1n publicados en esta p\u00e1gina. Los cambios siempre ser\u00e1n a futuro, no retroactivos. Si usted tiene preguntas sobre nuestras pol\u00edticas, por favor p\u00f3ngase en contacto con:<\/p>\n<p>Hotel Esencia +52.998.898.0965<\/p>\n","protected":false},"excerpt":{"rendered":"<p>Todas las caracter\u00edsticas, dimensiones, planos, interpretaciones, y especificaciones son conceptuales y est\u00e1n sujetos a cambios sin previo aviso, y el hotel se reserva expresamente el derecho a modificar, revisar o retirar cualquiera o todos de estos a su entera discreci\u00f3n. Para el Hotel Esencia, su privacidad y la confidencialidad de su informaci\u00f3n personal es importante. [&hellip;]<\/p>\n","protected":false},"author":1,"featured_media":0,"parent":0,"menu_order":0,"comment_status":"closed","ping_status":"closed","template":"","meta":{"_acf_changed":false,"_exactmetrics_skip_tracking":false,"_exactmetrics_sitenote_active":false,"_exactmetrics_sitenote_note":"","_exactmetrics_sitenote_category":0,"footnotes":""},"class_list":["post-956","page","type-page","status-publish","hentry"],"acf":[],"_links":{"self":[{"href":"https:\/\/hotelesencia.com\/es\/wp-json\/wp\/v2\/pages\/956","targetHints":{"allow":["GET"]}}],"collection":[{"href":"https:\/\/hotelesencia.com\/es\/wp-json\/wp\/v2\/pages"}],"about":[{"href":"https:\/\/hotelesencia.com\/es\/wp-json\/wp\/v2\/types\/page"}],"author":[{"embeddable":true,"href":"https:\/\/hotelesencia.com\/es\/wp-json\/wp\/v2\/users\/1"}],"replies":[{"embeddable":true,"href":"https:\/\/hotelesencia.com\/es\/wp-json\/wp\/v2\/comments?post=956"}],"version-history":[{"count":0,"href":"https:\/\/hotelesencia.com\/es\/wp-json\/wp\/v2\/pages\/956\/revisions"}],"wp:attachment":[{"href":"https:\/\/hotelesencia.com\/es\/wp-json\/wp\/v2\/media?parent=956"}],"curies":[{"name":"wp","href":"https:\/\/api.w.org\/{rel}","templated":true}]}}